{"id":1332,"date":"2021-03-10T00:25:21","date_gmt":"2021-03-10T00:25:21","guid":{"rendered":"https:\/\/mhstudio.com.hr\/?page_id=1332"},"modified":"2025-08-30T15:49:33","modified_gmt":"2025-08-30T15:49:33","slug":"izjava-o-kolacicima","status":"publish","type":"page","link":"https:\/\/mhstudio.com.hr\/hr\/izjava-o-kolacicima\/","title":{"rendered":"Izjava o kola\u010di\u0107ima"},"content":{"rendered":"<p>Ova web-stranica koristi kola\u010di\u0107e. Kola\u010di\u0107e upotrebljavamo kako bismo personalizirali sadr\u017eaj i oglase, omogu\u0107ili zna\u010dajke dru\u0161tvenih medija i analizirali promet. Isto tako, podatke o va\u0161oj upotrebi na\u0161e web-lokacije dijelimo s partnerima za dru\u0161tvene medije, ogla\u0161avanje i analizu, a oni ih mogu kombinirati s drugim podacima koje ste im pru\u017eili ili koje su prikupili dok ste upotrebljavali njihove usluge. Nastavkom kori\u0161tenja na\u0161ih internetskih stranica vi prihva\u0107ate na\u0161u upotrebu kola\u010di\u0107a.<\/p>\n<p>&nbsp;<\/p>\n<p><strong>\u0160to je kola\u010di\u0107?<\/strong><\/p>\n<p>Kola\u010di\u0107 je informacija spremljena na Va\u0161e ra\u010dunalo, tablet ili mobitel, koja mo\u017ee biti dostavljena neposredno od strane web stranice koju posjetite (kola\u010di\u0107i od prve strane) ili u suradnji i za potrebe web stranice koju posjetite od tre\u0107e strane (kola\u010di\u0107i tre\u0107e strane). Kola\u010di\u0107i obi\u010dno spremaju Va\u0161e postavke, postavke za web stranicu, kao \u0161to su npr. preferirani jezik ili sli\u010dne postavke. Kasnije, kada opet otvorite istu web stranicu, internetski preglednik \u0161alje natrag kola\u010di\u0107e koji pripadaju toj stranici. Ovo omogu\u0107ava stranici da prika\u017ee informacije prilago\u0111ene Va\u0161im potrebama. Kola\u010di\u0107i mogu spremati \u0161irok raspon informacija, uklju\u010duju\u0107i i dio osobnih informacija. Te informacije mogu biti spremljene jedino ukoliko Vi to omogu\u0107ite \u2013 web stranice ne mogu dobiti pristup informacijama koje im niste dali te ne mogu pristupiti drugim datotekama na Va\u0161em ra\u010dunalu.<\/p>\n<p>&nbsp;<\/p>\n<p><strong>Kori\u0161tenje kola\u010di\u0107a na mhstudio.com.hr<\/strong><\/p>\n<p>mhstudio.com.hr koristi kola\u010di\u0107e kako bi omogu\u0107ila bolje korisni\u010dko iskustvo. mhstudio.com.hr ne sadr\u017eava kola\u010di\u0107e koji omogu\u0107uju pokretanje programa ili postavljanje virusa na va\u0161e ra\u010dunalo. Kori\u0161tenjem ove internetske stranice mo\u017eete zaprimiti kola\u010di\u0107 \u201etre\u0107e strane\u201c. mhstudio.com.hr\u00a0upotrebljava kola\u010di\u0107e u svrhu pra\u0107enja statisti\u010dke posje\u0107enost web i pri tom koristi uslugu tre\u0107e strane pod nazivom Google Analytics. mhstudio.com.hr\u00a0tako\u0111er upotrebljava kola\u010di\u0107e u svrhu ogla\u0161avanja proizvoda\/usluga. Upotrebom kola\u010di\u0107a dobavlja\u010di tre\u0107e strane (uklju\u010duju\u0107i i Google) prikazuju oglase mhstudio.com.hr\u00a0na web-lokacijama na internetu.<\/p>\n<p>Usluge <strong>Google Analyticsa za ogla\u0161avanje<\/strong> mogu se<strong> isklju\u010diti<\/strong>, a oglasi za<strong> Google prikaziva\u010dku mre\u017eu prilagoditi <\/strong>pomo\u0107u alata <strong>Upravitelj postavki oglasa<\/strong>:\u00a0<a href=\"http:\/\/www.google.com\/settings\/ads\">http:\/\/www.google.com\/settings\/ads<\/a>.<\/p>\n<p>Detaljne informacije tre\u0107e strane o usluzi Google Analyticsa i mogu\u0107nostima reguliranja postavki kola\u010di\u0107a mo\u017eete na\u0107i na <a href=\"http:\/\/www.google.com\/analytics\/learn\/privacy.html\">http:\/\/www.google.com\/analytics\/learn\/privacy.html<\/a><\/p>\n<p>&nbsp;<\/p>\n<p><strong>Kako onemogu\u0107iti kola\u010di\u0107e?<\/strong><\/p>\n<p>Ako \u017eelite mo\u017eete onemogu\u0107iti spremanje kola\u010di\u0107a na svoje ra\u010dunalo, no morate znati kako \u0107e blokiranjem svih kola\u010di\u0107a neke funkcionalnosti na\u0161e web stranice biti onemogu\u0107ene. Postavke kola\u010di\u0107a mo\u017eete prilagoditi u svom internetskom pregledniku. \u017delite li izbrisati ili onemogu\u0107iti kola\u010di\u0107e na svojem ra\u010dunalu potrebno jea\u017eurirati promijeniti postavke svojeg internetskog preglednika (informacije o na\u010dinu brisanja i onemogu\u0107avanja kola\u010di\u0107a potra\u017eite na svojem pregledniku odabirom izbornika za pomo\u0107).<\/p>\n<p>Na sljede\u0107im linkovima su upute za onemogu\u0107avanje kola\u010di\u0107a na najpopularnijim internetskim preglednicima:<\/p>\n<p><a href=\"http:\/\/www.allaboutcookies.org\/manage-cookies\/firefox2-plus.html\">Firefox<\/a><\/p>\n<p><a href=\"http:\/\/www.allaboutcookies.org\/manage-cookies\/google-chrome.html\">Google Chrome<\/a><\/p>\n<p><a href=\"http:\/\/www.allaboutcookies.org\/manage-cookies\/opera.html\">Opera<\/a><\/p>\n<p><a href=\"http:\/\/www.allaboutcookies.org\/manage-cookies\/safari.html\">Safari<\/a><\/p>\n<p><a href=\"http:\/\/www.allaboutcookies.org\/manage-cookies\/internet-explorer11.html\">Internet Explorer 11.0+<\/a><a href=\"http:\/\/www.allaboutcookies.org\/manage-cookies\/internet-explorer9-plus.html\">IE 9.0+<\/a><a href=\"http:\/\/www.allaboutcookies.org\/manage-cookies\/internet-explorer8-plus.html\">IE 8.0+<\/a><a href=\"http:\/\/www.allaboutcookies.org\/manage-cookies\/internet-explorer7-plus.html\">IE 7.0+<\/a><a href=\"http:\/\/www.allaboutcookies.org\/manage-cookies\/internet-explorer5-plus.html\">IE 5.0+<\/a><\/p>\n<p>&nbsp;<\/p>\n<p>Trenutno postoji nekoliko web-stranica za isklju\u010divanje pohranjivanja kola\u010di\u0107a za razli\u010dite servise.<\/p>\n<p>Vi\u0161e se mo\u017eete informirati na sljede\u0107im web adresama:<\/p>\n<p><a href=\"http:\/\/www.allaboutcookies.org\/\">http:\/\/www.allaboutcookies.org\/<\/a><\/p>\n<p><a href=\"http:\/\/www.youronlinechoices.com\/hr\/\">http:\/\/www.youronlinechoices.com\/hr\/<\/a><\/p>\n<p><a href=\"http:\/\/www.aboutads.info\/choices\/\">http:\/\/www.aboutads.info\/choices\/<\/a><\/p>\n<p>Upotrebu kola\u010di\u0107a usluge Google Analytics mo\u017eete onemogu\u0107iti tako da preuzmete i instalirate <strong>dodatak za preglednik Google Analytics Opt-out<\/strong> dostupan na <a href=\"https:\/\/tools.google.com\/dlpage\/gaoptout?hl=en\">https:\/\/tools.google.com\/dlpage\/gaoptout?hl=en<\/a>.<\/p>","protected":false},"excerpt":{"rendered":"<p>Ova web-stranica koristi kola\u010di\u0107e. Kola\u010di\u0107e upotrebljavamo kako bismo personalizirali sadr\u017eaj i oglase, omogu\u0107ili zna\u010dajke dru\u0161tvenih medija i analizirali promet<\/p>","protected":false},"author":2,"featured_media":0,"parent":0,"menu_order":0,"comment_status":"closed","ping_status":"closed","template":"","meta":{"footnotes":""},"class_list":["post-1332","page","type-page","status-publish","hentry"],"_links":{"self":[{"href":"https:\/\/mhstudio.com.hr\/hr\/wp-json\/wp\/v2\/pages\/1332","targetHints":{"allow":["GET"]}}],"collection":[{"href":"https:\/\/mhstudio.com.hr\/hr\/wp-json\/wp\/v2\/pages"}],"about":[{"href":"https:\/\/mhstudio.com.hr\/hr\/wp-json\/wp\/v2\/types\/page"}],"author":[{"embeddable":true,"href":"https:\/\/mhstudio.com.hr\/hr\/wp-json\/wp\/v2\/users\/2"}],"replies":[{"embeddable":true,"href":"https:\/\/mhstudio.com.hr\/hr\/wp-json\/wp\/v2\/comments?post=1332"}],"version-history":[{"count":6,"href":"https:\/\/mhstudio.com.hr\/hr\/wp-json\/wp\/v2\/pages\/1332\/revisions"}],"predecessor-version":[{"id":1731,"href":"https:\/\/mhstudio.com.hr\/hr\/wp-json\/wp\/v2\/pages\/1332\/revisions\/1731"}],"wp:attachment":[{"href":"https:\/\/mhstudio.com.hr\/hr\/wp-json\/wp\/v2\/media?parent=1332"}],"curies":[{"name":"wp","href":"https:\/\/api.w.org\/{rel}","templated":true}]}}