{"id":1204,"date":"2019-04-23T14:47:53","date_gmt":"2019-04-23T14:47:53","guid":{"rendered":"http:\/\/mhstudio.com.hr\/?page_id=1204"},"modified":"2025-08-30T15:56:58","modified_gmt":"2025-08-30T15:56:58","slug":"about-us","status":"publish","type":"page","link":"https:\/\/mhstudio.com.hr\/hr\/about-us\/","title":{"rendered":"O nama"},"content":{"rendered":"<p><span style=\"font-weight: 400;\"><strong>MH studio<\/strong> je arhitektonski biro osnovan 2016. suradnjom Vane Hakli\u010dke i Lucije Miji\u0107, arhitektica diplomiranih na Arhitektonskom fakultetu u Splitu te na Facolt\u00e0 di Architettura u Firenzi.<\/span><\/p>\r\n\r\n\r\n\r\n<p>Svojim radom kreiramo prostore prilago\u0111avaju\u0107i svaki projekt \u017eeljama i \u017eivotnim navikama na\u0161ih klijenata kroz na\u0161u viziju arhitekture. Posve\u0107ujemo na\u0161e vrijeme razrade svakog projekta funkcionalnosti i estetici novoprojektiranog sadr\u017eaja te valorizaciji postoje\u0107eg urbanog krajobraza.<\/p>\r\n\r\n\r\n\r\n<p>Finalni proizvod je dio iskustva, znanja i prisustva do samog kraja izvedbe svakog na\u0161eg projekta.<br \/><br \/><\/p>\r\n\r\n\r\n\r\n<p><strong>IMPRESSUM<\/strong><\/p>\r\n\r\n\r\n\r\n<p>MIJI\u0106 HAKLI\u010cKA STUDIO D.O.O. za arhitektonske djelatnosti<br \/>OIB: 45958156122\/ MB:4626770\/ MBS:060354062<br \/>Temeljni kapital: 20 000 kn <br \/>IBAN: HR9524920081100043800 \/ S.W.I.F.T.IMXXHR22XXX<br \/><br \/><\/p>\r\n\r\n\r\n\r\n<p><strong>\u010clanovi uprave:<\/strong><\/p>\r\n\r\n\r\n\r\n<p>Lucija Miji\u0107 +385976375585<br \/>Vana Hakli\u010dka +385955876563<\/p>\r\n\r\n\r\n\r\n<p>e-mail: <a href=\"mailto:info@mhstudio.com.hr\">info@mhstudio.com.hr<\/a><\/p>\r\n\r\n\r\n\r\n<p>&nbsp;<\/p>\r\n\r\n\r\n\r\n<p><strong>PRESS:<br \/><\/strong><a href=\"https:\/\/slobodnadalmacija.hr\/prilozi\/prostorija\/clanak\/id\/526570\/ne-ocajavajte-evo-kako-ispuniti-praznine-nastale-skidanjem-blagdanskih-ukrasa-i-unijeti-zivost-u-dom\">Slobodna Dalmacija | INTERIOR TIPS &#8211; Central Rooms by MH studio<\/a><\/p>\r\n<p><a href=\"https:\/\/slobodnadalmacija.hr\/prilozi\/prostorija\/clanak\/id\/534053\/u-ovom-splitskom-stanunbspprociscena-estetika-39ugrijana39-je-prirodnim-drvom-uzivajte-u-39iru39-i-inspirirajte-se-sarmantnim-kvadratima\">Slobodna Dalmacija | SPACE REDESIGN<\/a><\/p>\r\n<p><a href=\"https:\/\/grazia.hr\/uredenje-interijera-trendovi-vana-haklicka\/\">GRAZIA | Donosimo glavne ideje za dizajn interijera za 2022.<\/a><\/p>\r\n<p><a href=\"https:\/\/www.telegram.hr\/super1\/life\/vodimo-vas-u-divno-projektiranu-kucu-kod-sibenika-pogled-na-more-je-spektakularan\/\">Super1.hr | Villa Levels<\/a><\/p>\r\n<p><a href=\"https:\/\/bigsee.eu\/villa-levels-rogoznica\/\">BIG SEE | Villa Levels, Rogoznica<\/a><\/p>\r\n<p><a href=\"https:\/\/www.jutarnji.hr\/domidizajn\/interijeri\/kako-su-arhitektice-vana-i-lucija-nefunkcionalan-i-depresivan-stan-od-35-kvadrata-pretvorile-u-retro-oazu-u-koju-je-stalo-sve-sto-treba-15595526\">Dom i dizajn | Tiny flat<\/a><\/p>\r\n<p><a href=\"https:\/\/magme.hr\/ovaj-fenomenalno-ureden-stan-u-splitu-savrsen-je-spoj-dizajna-i-funkcionalnosti-morate-pogledati-fotografije\/\">MagMe | Artsy flat<\/a><\/p>\r\n<p><a href=\"https:\/\/magme.hr\/u-legendarnom-splitskom-neboderu-otvoren-je-koteks-restoran-bar-izgleda-sjajno-posebice-zeleni-community-stol\/\">MagMe | KoteKs<\/a><\/p>\r\n<p><a href=\"https:\/\/magme.hr\/mali-stan-mocan-dojam-razgledajte-potpuno-adaptirani-stan-u-splitu-koji-krase-zanimljivi-plavi-detalji-i-sjajna-rjesenja\/\">MagMe | Indigo apartment<\/a><\/p>\r\n<p><a href=\"https:\/\/www.journal.hr\/lifestyle\/gastro\/koteks-restoran-bar-split\/\">Journal | KoteKs<\/a><\/p>\r\n<p><a href=\"https:\/\/www.journal.hr\/lifestyle\/gastro\/jo-and-the-sisters-split\/\">Journal | Jo &amp; the Sisters<\/a><\/p>\r\n<p><a href=\"https:\/\/slobodnadalmacija.hr\/mozaik\/prostorija\/arhitektice-derutni-splitski-stan-iz-1947-godine-pretvorile-u-dizajnerski-raj-od-85-kvadrata-sve-su-pokazale-povirite-1482987\">Slobodna Dalmacija | Prostorija &#8211; Artsy flat<\/a><\/p>\r\n<p><a href=\"https:\/\/www.jutarnji.hr\/domidizajn\/interijeri\/splitske-arhitektice-u-malom-stanu-uspjele-dobiti-odvojenu-spavacu-sobu-otvori-su-vec-bili-definirani-ali-napravile-smo-ovo-15562842\">Dom i dizajn | Indigo apartment<\/a><\/p>\r\n<p><a href=\"https:\/\/grazia.hr\/well-being-arhitektura-biofilni-dizajn\/\">GRAZIA | Biofilni dizajn<\/a><\/p>\r\n<p><a href=\"https:\/\/grazia.hr\/stan-u-centru-splita\/\">GRAZIA | Artsy flat<\/a><\/p>\r\n<p><a href=\"https:\/\/grazia.hr\/pivkan-split-pivnica-nova-mjesta\/\">GRAZIA | Pivkan<\/a><\/p>\r\n<p><a href=\"https:\/\/buro247.hr\/jo-and-the-sisters-split\/\">BURO. | Jo and the Sisters<\/a><\/p>\r\n<p><a href=\"https:\/\/haus.hr\/kupili-su-stan-ali-nije-bilo-mjesta-za-spavacu-sobu\/\">HAUS | Indigo apartment<\/a><\/p>\r\n<p><a href=\"https:\/\/haus.hr\/moj-najdrazi-projekt-adaptacija-stana-u-splitu\/?fbclid=PAQ0xDSwMP-xVleHRuA2FlbQIxMQABp3X6Ar3EgdJGyiKeHB8n8602VgNHxPWEdgDYn4JE-4i2vH71v1PAVDAsYBsI_aem_7mNbLgsr90h_JbzS6YphKA\">HAUS | Moj najdra\u017ei projekt: &#8216;Adaptacija stana u Splitu u kojem smo dizajnirale namje\u0161taj&#8217;<\/a><\/p>\r\n<p><a href=\"https:\/\/www.interahub.com\/clanci\/oaza-mira-u-srcu-splita-stan-koji-poziva-na-opustanje-i-druzenje\">Intera hub | Oaza mira u srcu Splita<\/a><\/p>\r\n<p><a href=\"https:\/\/www.interahub.com\/clanci\/koteks-restaurant-bar-mediteranska-lakoca-unutar-modernisticke-ikone-splita\">Intera hub | KOTEKS restaurant&amp;bar<\/a><\/p>\r\n<p>&nbsp;<\/p>\r\n<p>&nbsp;<\/p>\r\n<p>&nbsp;<\/p>\r\n<p>&nbsp;<\/p>\r\n<p>&nbsp;<\/p>","protected":false},"excerpt":{"rendered":"<p>MH studio is an architectural firm founded in 2016 in &hellip;<\/p>","protected":false},"author":1,"featured_media":0,"parent":0,"menu_order":0,"comment_status":"closed","ping_status":"closed","template":"","meta":{"footnotes":""},"class_list":["post-1204","page","type-page","status-publish","hentry"],"_links":{"self":[{"href":"https:\/\/mhstudio.com.hr\/hr\/wp-json\/wp\/v2\/pages\/1204","targetHints":{"allow":["GET"]}}],"collection":[{"href":"https:\/\/mhstudio.com.hr\/hr\/wp-json\/wp\/v2\/pages"}],"about":[{"href":"https:\/\/mhstudio.com.hr\/hr\/wp-json\/wp\/v2\/types\/page"}],"author":[{"embeddable":true,"href":"https:\/\/mhstudio.com.hr\/hr\/wp-json\/wp\/v2\/users\/1"}],"replies":[{"embeddable":true,"href":"https:\/\/mhstudio.com.hr\/hr\/wp-json\/wp\/v2\/comments?post=1204"}],"version-history":[{"count":34,"href":"https:\/\/mhstudio.com.hr\/hr\/wp-json\/wp\/v2\/pages\/1204\/revisions"}],"predecessor-version":[{"id":1732,"href":"https:\/\/mhstudio.com.hr\/hr\/wp-json\/wp\/v2\/pages\/1204\/revisions\/1732"}],"wp:attachment":[{"href":"https:\/\/mhstudio.com.hr\/hr\/wp-json\/wp\/v2\/media?parent=1204"}],"curies":[{"name":"wp","href":"https:\/\/api.w.org\/{rel}","templated":true}]}}